{"id":835,"date":"2026-05-10T17:43:00","date_gmt":"2026-05-10T17:43:00","guid":{"rendered":"https:\/\/voyagezvosreves.fr\/?page_id=835"},"modified":"2026-05-10T19:32:53","modified_gmt":"2026-05-10T19:32:53","slug":"de-a-a-breizh","status":"publish","type":"page","link":"https:\/\/voyagezvosreves.fr\/?page_id=835","title":{"rendered":"de A \u00e0 Breizh"},"content":{"rendered":"<p>[et_pb_section fb_built=\u00a0\u00bb1&Prime; admin_label=\u00a0\u00bbsection\u00a0\u00bb _builder_version=\u00a0\u00bb4.16&Prime; global_colors_info=\u00a0\u00bb{}\u00a0\u00bb][et_pb_row _builder_version=\u00a0\u00bb4.20.0&Prime; _module_preset=\u00a0\u00bbdefault\u00a0\u00bb global_colors_info=\u00a0\u00bb{}\u00a0\u00bb][et_pb_column type=\u00a0\u00bb4_4&Prime; _builder_version=\u00a0\u00bb4.20.0&Prime; _module_preset=\u00a0\u00bbdefault\u00a0\u00bb global_colors_info=\u00a0\u00bb{}\u00a0\u00bb][et_pb_image src=\u00a0\u00bbhttps:\/\/voyagezvosreves.fr\/wp-content\/uploads\/2026\/05\/COUVERTURE-de-A-a-Breizh-redimensionnee.png\u00a0\u00bb alt=\u00a0\u00bbde A \u00e0 Breizh &#8211; Voyagez vos r\u00eaves &#8211; agence de voyage locale \u00e0 Douarnenez\u00a0\u00bb title_text=\u00a0\u00bbCOUVERTURE de A \u00e0 Breizh redimensionn\u00e9e\u00a0\u00bb align=\u00a0\u00bbcenter\u00a0\u00bb _builder_version=\u00a0\u00bb4.20.0&Prime; _module_preset=\u00a0\u00bbdefault\u00a0\u00bb min_height=\u00a0\u00bb973.1px\u00a0\u00bb height=\u00a0\u00bb707px\u00a0\u00bb max_height=\u00a0\u00bb701px\u00a0\u00bb custom_padding=\u00a0\u00bb||0px|||\u00a0\u00bb animation_style=\u00a0\u00bbbounce\u00a0\u00bb animation_direction=\u00a0\u00bbright\u00a0\u00bb global_colors_info=\u00a0\u00bb{}\u00a0\u00bb][\/et_pb_image][\/et_pb_column][\/et_pb_row][et_pb_row admin_label=\u00a0\u00bbrow\u00a0\u00bb _builder_version=\u00a0\u00bb4.16&Prime; background_size=\u00a0\u00bbinitial\u00a0\u00bb background_position=\u00a0\u00bbtop_left\u00a0\u00bb background_repeat=\u00a0\u00bbrepeat\u00a0\u00bb global_colors_info=\u00a0\u00bb{}\u00a0\u00bb][et_pb_column type=\u00a0\u00bb4_4&Prime; _builder_version=\u00a0\u00bb4.16&Prime; custom_padding=\u00a0\u00bb|||\u00a0\u00bb global_colors_info=\u00a0\u00bb{}\u00a0\u00bb custom_padding__hover=\u00a0\u00bb|||\u00a0\u00bb][et_pb_cta title=\u00a0\u00bbVoyagez vos r\u00eaves vous fait d\u00e9couvrir une Cornouaille authentique :\u00a0\u00bb button_text=\u00a0\u00bbClics\u00a0\u00bb _builder_version=\u00a0\u00bb4.20.0&Prime; _module_preset=\u00a0\u00bbdefault\u00a0\u00bb custom_margin=\u00a0\u00bb-37px|||||\u00a0\u00bb global_colors_info=\u00a0\u00bb{}\u00a0\u00bb]<\/p>\n<p>&nbsp;<\/p>\n<h3>D\u00e9couvrez la Cornouaille, c\u0153ur battant du Finist\u00e8re Sud, \u00e0 travers des <strong>sorties \u00e0 la journ\u00e9e<\/strong> ou des <strong>programmes sur mesure<\/strong>, con\u00e7us pour vous immerger dans l\u2019\u00e2me authentique de la Bretagne.<\/h3>\n<h3>Chez <strong>Voyagez vos r\u00eaves<\/strong>, nous vous proposons des exp\u00e9riences uniques, entre paysages \u00e9poustouflants, patrimoine riche et rencontres avec les acteurs locaux.<\/h3>\n<h3>Que vous soyez amateur de nature, de culture ou de gastronomie, nos escapades s\u2019adaptent \u00e0 vos envies pour vous offrir un voyage inoubliable, <strong>de A \u00e0 Breizh<\/strong>.<\/h3>\n<p>[\/et_pb_cta][et_pb_gallery gallery_ids=\u00a0\u00bb849,845,841,826,842,843,846,847,848&Prime; fullwidth=\u00a0\u00bbon\u00a0\u00bb _builder_version=\u00a0\u00bb4.20.0&Prime; _module_preset=\u00a0\u00bbdefault\u00a0\u00bb custom_margin=\u00a0\u00bb-14px|||||\u00a0\u00bb custom_padding=\u00a0\u00bb||0px|||\u00a0\u00bb global_colors_info=\u00a0\u00bb{}\u00a0\u00bb][\/et_pb_gallery][\/et_pb_column][\/et_pb_row][\/et_pb_section][et_pb_section fb_built=\u00a0\u00bb1&Prime; _builder_version=\u00a0\u00bb4.20.0&Prime; _module_preset=\u00a0\u00bbdefault\u00a0\u00bb custom_margin=\u00a0\u00bb-84px|||||\u00a0\u00bb custom_padding=\u00a0\u00bb||14px|||\u00a0\u00bb global_colors_info=\u00a0\u00bb{}\u00a0\u00bb][et_pb_row _builder_version=\u00a0\u00bb4.20.0&Prime; _module_preset=\u00a0\u00bbdefault\u00a0\u00bb global_colors_info=\u00a0\u00bb{}\u00a0\u00bb][et_pb_column type=\u00a0\u00bb4_4&Prime; _builder_version=\u00a0\u00bb4.20.0&Prime; _module_preset=\u00a0\u00bbdefault\u00a0\u00bb global_colors_info=\u00a0\u00bb{}\u00a0\u00bb][et_pb_text _builder_version=\u00a0\u00bb4.20.0&Prime; _module_preset=\u00a0\u00bbdefault\u00a0\u00bb global_colors_info=\u00a0\u00bb{}\u00a0\u00bb]<\/p>\n<h2 style=\"text-align: center;\">Envie de vous \u00e9vader en Cornouaille ?<\/h2>\n<h3 style=\"text-align: center;\">Tous nos circuits \u00ab\u00a01\/2 journ\u00e9e\u00a0\u00bb sont des \u00e9chapp\u00e9es de 3 heures environ, en matin\u00e9e ou dans l&rsquo;apr\u00e8s midi, et nos propositions \u00e0 la journ\u00e9e sont des circuits de 6 heures environ.\u00a0<\/h3>\n<p>[\/et_pb_text][\/et_pb_column][\/et_pb_row][\/et_pb_section][et_pb_section fb_built=\u00a0\u00bb1&Prime; _builder_version=\u00a0\u00bb4.20.0&Prime; _module_preset=\u00a0\u00bbdefault\u00a0\u00bb custom_padding=\u00a0\u00bb0px|||||\u00a0\u00bb global_colors_info=\u00a0\u00bb{}\u00a0\u00bb][et_pb_row _builder_version=\u00a0\u00bb4.20.0&Prime; _module_preset=\u00a0\u00bbdefault\u00a0\u00bb custom_padding=\u00a0\u00bb||0px|||\u00a0\u00bb global_colors_info=\u00a0\u00bb{}\u00a0\u00bb][et_pb_column type=\u00a0\u00bb4_4&Prime; _builder_version=\u00a0\u00bb4.20.0&Prime; _module_preset=\u00a0\u00bbdefault\u00a0\u00bb global_colors_info=\u00a0\u00bb{}\u00a0\u00bb][et_pb_pricing_tables _builder_version=\u00a0\u00bb4.20.0&Prime; _module_preset=\u00a0\u00bbdefault\u00a0\u00bb hover_enabled=\u00a0\u00bb0&Prime; global_colors_info=\u00a0\u00bb{}\u00a0\u00bb sticky_enabled=\u00a0\u00bb0&Prime;][et_pb_pricing_table title=\u00a0\u00bbIls sont fous ces bretons\u00a0\u00bb sum=\u00a0\u00bb45\u20ac\u00a0\u00bb _builder_version=\u00a0\u00bb4.20.0&Prime; _module_preset=\u00a0\u00bbdefault\u00a0\u00bb global_colors_info=\u00a0\u00bb{}\u00a0\u00bb sticky_transition=\u00a0\u00bbon\u00a0\u00bb]<\/p>\n<h6><strong><img decoding=\"async\" loading=\"lazy\" src=\"https:\/\/voyagezvosreves.fr\/wp-content\/uploads\/2026\/05\/Ils-sont-fous-ces-bretons-300x119.png\" width=\"300\" height=\"119\" alt=\"\" class=\"wp-image-855 alignnone size-medium\" style=\"display: block; margin-left: auto; margin-right: auto;\" \/><\/strong><\/h6>\n<h5 style=\"text-align: center;\">Le samedi 16\/05\/2026<\/h5>\n<h5 style=\"text-align: center;\">Grande f\u00ebte du printemps breton au domaine d\u00e9partemental de Trevarez<\/h5>\n<h6 style=\"text-align: left;\">On raconte qu\u2019au c\u0153ur du Domaine d\u00e9partemental de Tr\u00e9varez, une grande f\u00eate du printemps breton s\u2019appr\u00eate \u00e0 battre son plein&#8230; Le samedi 16 mai 2026, familles, amis, voyageurs et curieux sont convi\u00e9s \u00e0 se rassembler pour une journ\u00e9e et une nuit festives et conviviales, o\u00f9 la Bretagne d\u00e9voilera toute sa folie et sa g\u00e9n\u00e9rosit\u00e9. Animations, musique, spectacles, rencontres et d\u00e9gustations rythmeront cette grande f\u00eate populaire au coeur des superbes jardins du domaine.<\/h6>\n<p>[\/et_pb_pricing_table][et_pb_pricing_table title=\u00a0\u00bbDe Douarnenez \u00e0 Locronan \u00a0\u00bb sum=\u00a0\u00bb39\u20ac\u00a0\u00bb _builder_version=\u00a0\u00bb4.20.0&Prime; _module_preset=\u00a0\u00bbdefault\u00a0\u00bb hover_enabled=\u00a0\u00bb0&Prime; global_colors_info=\u00a0\u00bb{}\u00a0\u00bb sticky_transition=\u00a0\u00bbon\u00a0\u00bb sticky_enabled=\u00a0\u00bb0&Prime;]<\/p>\n<h6 style=\"text-align: center;\"><strong><img decoding=\"async\" loading=\"lazy\" src=\"https:\/\/voyagezvosreves.fr\/wp-content\/uploads\/2026\/05\/Ile-tristan-photo-150x150.jpg\" width=\"150\" height=\"150\" alt=\"\" class=\"wp-image-872 alignnone size-thumbnail\" \/><\/strong><\/h6>\n<h6>Partez pour une demie journ\u00e9e de d\u00e9couverte entre mer et patrimoine au coeur du Finist\u00e8re. Apr\u00e8s une prise en charge difectement \u00e0 votre h\u00e9bergement, rejoignez Douarnenez la cit\u00e9 Penn Sardin, pour vivre une exp\u00e9rience de navigation unique dans la baie et profitez des paysages maritimes bretons. La d\u00e9couverte se poursuit avec un transfert vers Locronan, petite cit\u00e9 de caract\u00e8re et l&rsquo;un des plus beaux villages de Bretagne, ou vous pourrez fl\u00e2ner librement dans ses ruelles pav\u00e9es et d\u00e9couvrir son riche patrimoine architectural \u00e0 votre rytme.\u00a0 \u00a0 \u00a0 \u00a0 \u00a0 \u00a0 \u00a0 \u00a0 \u00a0 \u00a0 \u00a0 \u00a0 \u00a0 \u00a0 \u00a0 \u00a0 \u00a0 \u00a0 \u00a0 \u00a0 \u00a0 \u00a0 \u00a0 \u00a0 \u00a0 \u00a0 \u00a0 \u00a0 \u00a0 \u00a0 \u00a0 \u00a0 \u00a0 \u00a0 \u00a0 \u00a0<\/h6>\n<p>[\/et_pb_pricing_table][et_pb_pricing_table title=\u00a0\u00bbQuimper : sa vieille ville et ses artisans \u00a0\u00bb sum=\u00a0\u00bb39\u20ac\u00a0\u00bb _builder_version=\u00a0\u00bb4.20.0&Prime; _module_preset=\u00a0\u00bbdefault\u00a0\u00bb hover_enabled=\u00a0\u00bb0&Prime; global_colors_info=\u00a0\u00bb{}\u00a0\u00bb sticky_transition=\u00a0\u00bbon\u00a0\u00bb sticky_enabled=\u00a0\u00bb0&Prime;]<\/p>\n<h6><strong><img decoding=\"async\" loading=\"lazy\" src=\"https:\/\/voyagezvosreves.fr\/wp-content\/uploads\/2026\/05\/visiter-quimper-300x200.jpg\" width=\"300\" height=\"200\" alt=\"\" class=\"wp-image-874 alignnone size-medium\" style=\"display: block; margin-left: auto; margin-right: auto;\" \/><\/strong><\/h6>\n<h6>Partez pour une 1\/2 journ\u00e9e entre culture bretonne et savoir-faire artisanal. Profitez d&rsquo;un transfert vers Quimper pour d\u00e9couvrir librement le charme de sa vieille ville, ses ruelles pav\u00e9es et son riche patrimoine historique. La d\u00e9couverte se poursuit avec la visite d&rsquo;une distillerie centenaire, ou vous d\u00e9couvrirez les secrets de fabrication du cidre et du whisky breton, \u00e0 travers un savoir faire authentique.\u00a0 \u00a0 \u00a0 \u00a0 \u00a0 \u00a0 \u00a0 \u00a0 \u00a0 \u00a0 \u00a0 \u00a0 \u00a0 \u00a0 \u00a0 \u00a0 \u00a0 \u00a0 \u00a0 \u00a0 \u00a0 \u00a0 \u00a0 \u00a0 \u00a0 \u00a0 \u00a0 \u00a0 \u00a0 \u00a0 \u00a0 \u00a0 \u00a0 \u00a0 \u00a0 \u00a0 \u00a0 \u00a0 \u00a0 \u00a0 \u00a0 \u00a0 \u00a0 \u00a0 \u00a0 \u00a0 \u00a0 \u00a0 \u00a0 \u00a0 \u00a0 \u00a0 \u00a0 \u00a0 \u00a0 \u00a0 \u00a0 \u00a0 \u00a0 \u00a0 \u00a0 \u00a0 \u00a0 \u00a0 \u00a0 \u00a0 \u00a0 \u00a0 \u00a0 \u00a0 \u00a0 \u00a0 \u00a0 \u00a0 \u00a0 \u00a0 \u00a0 \u00a0 \u00a0 \u00a0 \u00a0 \u00a0 \u00a0 \u00a0 \u00a0 \u00a0 \u00a0 \u00a0 \u00a0 \u00a0 \u00a0 \u00a0 \u00a0 \u00a0 \u00a0 \u00a0 \u00a0 \u00a0 \u00a0 \u00a0 \u00a0 \u00a0 \u00a0 \u00a0 \u00a0 \u00a0 \u00a0 \u00a0 \u00a0 \u00a0 \u00a0 \u00a0 \u00a0 \u00a0 \u00a0 \u00a0 \u00a0 \u00a0 \u00a0 \u00a0 \u00a0 \u00a0 \u00a0 \u00a0 \u00a0 \u00a0 \u00a0 \u00a0 \u00a0 \u00a0 \u00a0 \u00a0 \u00a0 \u00a0 \u00a0 \u00a0 \u00a0 \u00a0 \u00a0 \u00a0 \u00a0 \u00a0 \u00a0 \u00a0 \u00a0 \u00a0 \u00a0 \u00a0 \u00a0 \u00a0 \u00a0 \u00a0 \u00a0 \u00a0 \u00a0 \u00a0 \u00a0 \u00a0 \u00a0 \u00a0 \u00a0 \u00a0 \u00a0 \u00a0 \u00a0 \u00a0 \u00a0 \u00a0 \u00a0 \u00a0 \u00a0 \u00a0 \u00a0 \u00a0 \u00a0 \u00a0 \u00a0 \u00a0 \u00a0 \u00a0 \u00a0 \u00a0 \u00a0 \u00a0 \u00a0 \u00a0 \u00a0 \u00a0 \u00a0 \u00a0 \u00a0 \u00a0 \u00a0 \u00a0 \u00a0 \u00a0 \u00a0 \u00a0 \u00a0 \u00a0 \u00a0 \u00a0 \u00a0 \u00a0 \u00a0 \u00a0 \u00a0 \u00a0 \u00a0 \u00a0 \u00a0 \u00a0 \u00a0 \u00a0 \u00a0 \u00a0 \u00a0 \u00a0 \u00a0 \u00a0 \u00a0 \u00a0 \u00a0 \u00a0 \u00a0 \u00a0 \u00a0 \u00a0 \u00a0 \u00a0 \u00a0 \u00a0 \u00a0 \u00a0 \u00a0 \u00a0 \u00a0 \u00a0 \u00a0 \u00a0 \u00a0 \u00a0 \u00a0 \u00a0 \u00a0 \u00a0 \u00a0 \u00a0<\/h6>\n<p>[\/et_pb_pricing_table][et_pb_pricing_table title=\u00a0\u00bbConcarneau et les criques de Beg Meil\u00a0\u00bb sum=\u00a0\u00bb39\u20ac\u00a0\u00bb _builder_version=\u00a0\u00bb4.20.0&Prime; _module_preset=\u00a0\u00bbdefault\u00a0\u00bb hover_enabled=\u00a0\u00bb0&Prime; global_colors_info=\u00a0\u00bb{}\u00a0\u00bb sticky_transition=\u00a0\u00bbon\u00a0\u00bb sticky_enabled=\u00a0\u00bb0&Prime;]<\/p>\n<h6 style=\"text-align: center;\"><strong><img decoding=\"async\" loading=\"lazy\" src=\"https:\/\/voyagezvosreves.fr\/wp-content\/uploads\/2026\/05\/visiter-concarneau-300x200.jpg\" width=\"300\" height=\"200\" alt=\"\" class=\"wp-image-873 alignnone size-medium\" \/><\/strong><\/h6>\n<h6>Partez pour une journ\u00e9e entre une riche histoire maritime et ds paysages cotiers d&rsquo;exception. D\u00e9couvrez la c\u00e9l\u00e8bre ville close de Concarneau, v\u00e9ritable forteresse pos\u00e9e sur la mer, et plongez dans l&rsquo;ambiance unique de ses ruelles anim\u00e9es.\u00a0 La d\u00e9couverte se poursuit par une rencontre avec des artisans locaux qui ont regroup\u00e9 leur savoir faire unique dans un seul et m\u00eame lien. Partons d\u00e8s \u00e0 pr\u00e9sent nous balader le long des criques de Beg Meil, entres sentiers c\u00f4tiers, eaux turquoise et paysages sauvages typique du littoral breton.\u00a0 \u00a0 \u00a0 \u00a0 \u00a0 \u00a0 \u00a0 \u00a0 \u00a0 \u00a0 \u00a0 \u00a0 \u00a0 \u00a0 \u00a0 \u00a0 \u00a0 \u00a0 \u00a0 \u00a0 \u00a0 \u00a0 \u00a0 \u00a0 \u00a0 \u00a0 \u00a0 \u00a0 \u00a0 \u00a0 \u00a0 \u00a0 \u00a0 \u00a0 \u00a0 \u00a0 \u00a0 \u00a0 \u00a0 \u00a0 \u00a0 \u00a0 \u00a0 \u00a0 \u00a0 \u00a0 \u00a0 \u00a0 \u00a0 \u00a0 \u00a0 \u00a0 \u00a0 \u00a0 \u00a0 \u00a0 \u00a0 \u00a0 \u00a0 \u00a0 \u00a0 \u00a0 \u00a0 \u00a0 \u00a0 \u00a0 \u00a0 \u00a0 \u00a0 \u00a0 \u00a0 \u00a0 \u00a0 \u00a0<\/h6>\n<p>[\/et_pb_pricing_table][\/et_pb_pricing_tables][\/et_pb_column][\/et_pb_row][\/et_pb_section][et_pb_section fb_built=\u00a0\u00bb1&Prime; _builder_version=\u00a0\u00bb4.20.0&Prime; _module_preset=\u00a0\u00bbdefault\u00a0\u00bb global_colors_info=\u00a0\u00bb{}\u00a0\u00bb][et_pb_row _builder_version=\u00a0\u00bb4.20.0&Prime; _module_preset=\u00a0\u00bbdefault\u00a0\u00bb global_colors_info=\u00a0\u00bb{}\u00a0\u00bb][et_pb_column type=\u00a0\u00bb4_4&Prime; _builder_version=\u00a0\u00bb4.20.0&Prime; _module_preset=\u00a0\u00bbdefault\u00a0\u00bb global_colors_info=\u00a0\u00bb{}\u00a0\u00bb][et_pb_cta title=\u00a0\u00bbRenseignements et r\u00e9servation : \u00a0\u00bb button_text=\u00a0\u00bbClics\u00a0\u00bb _builder_version=\u00a0\u00bb4.20.0&Prime; _module_preset=\u00a0\u00bbdefault\u00a0\u00bb header_level=\u00a0\u00bbh3&Prime; header_text_color=\u00a0\u00bb#0C71C3&Prime; custom_margin=\u00a0\u00bb-126px|||||\u00a0\u00bb global_colors_info=\u00a0\u00bb{}\u00a0\u00bb]<\/p>\n<h2 style=\"text-align: center;\"><\/h2>\n<h4 style=\"text-align: center;\">07.71.83.54.69<\/h4>\n<h4 style=\"text-align: center;\">contact@voyagezvosreves.fr<\/h4>\n<p>[\/et_pb_cta][\/et_pb_column][\/et_pb_row][\/et_pb_section][et_pb_section fb_built=\u00a0\u00bb1&Prime; fullwidth=\u00a0\u00bbon\u00a0\u00bb _builder_version=\u00a0\u00bb4.20.0&Prime; _module_preset=\u00a0\u00bbdefault\u00a0\u00bb global_colors_info=\u00a0\u00bb{}\u00a0\u00bb][\/et_pb_section]<\/p>\n","protected":false},"excerpt":{"rendered":"<p>&nbsp; D\u00e9couvrez la Cornouaille, c\u0153ur battant du Finist\u00e8re Sud, \u00e0 travers des sorties \u00e0 la journ\u00e9e ou des programmes sur mesure, con\u00e7us pour vous immerger dans l\u2019\u00e2me authentique de la Bretagne. Chez Voyagez vos r\u00eaves, nous vous proposons des exp\u00e9riences uniques, entre paysages \u00e9poustouflants, patrimoine riche et rencontres avec les acteurs locaux. Que vous soyez [&hellip;]<\/p>\n","protected":false},"author":2,"featured_media":0,"parent":0,"menu_order":0,"comment_status":"closed","ping_status":"closed","template":"","meta":{"_et_pb_use_builder":"on","_et_pb_old_content":"","_et_gb_content_width":""},"_links":{"self":[{"href":"https:\/\/voyagezvosreves.fr\/index.php?rest_route=\/wp\/v2\/pages\/835"}],"collection":[{"href":"https:\/\/voyagezvosreves.fr\/index.php?rest_route=\/wp\/v2\/pages"}],"about":[{"href":"https:\/\/voyagezvosreves.fr\/index.php?rest_route=\/wp\/v2\/types\/page"}],"author":[{"embeddable":true,"href":"https:\/\/voyagezvosreves.fr\/index.php?rest_route=\/wp\/v2\/users\/2"}],"replies":[{"embeddable":true,"href":"https:\/\/voyagezvosreves.fr\/index.php?rest_route=%2Fwp%2Fv2%2Fcomments&post=835"}],"version-history":[{"count":13,"href":"https:\/\/voyagezvosreves.fr\/index.php?rest_route=\/wp\/v2\/pages\/835\/revisions"}],"predecessor-version":[{"id":877,"href":"https:\/\/voyagezvosreves.fr\/index.php?rest_route=\/wp\/v2\/pages\/835\/revisions\/877"}],"wp:attachment":[{"href":"https:\/\/voyagezvosreves.fr\/index.php?rest_route=%2Fwp%2Fv2%2Fmedia&parent=835"}],"curies":[{"name":"wp","href":"https:\/\/api.w.org\/{rel}","templated":true}]}}