{"id":508,"date":"2017-10-22T20:53:58","date_gmt":"2017-10-22T20:53:58","guid":{"rendered":"https:\/\/voyagezvosreves.fr\/?page_id=508"},"modified":"2017-10-22T20:54:04","modified_gmt":"2017-10-22T20:54:04","slug":"mentions-legales","status":"publish","type":"page","link":"https:\/\/voyagezvosreves.fr\/?page_id=508","title":{"rendered":"Mentions l\u00e9gales"},"content":{"rendered":"<p>[et_pb_section fb_built=\u00a0\u00bb1&Prime; _builder_version=\u00a0\u00bb3.0.47&Prime;][et_pb_row _builder_version=\u00a0\u00bb3.0.47&Prime; background_size=\u00a0\u00bbinitial\u00a0\u00bb background_position=\u00a0\u00bbtop_left\u00a0\u00bb background_repeat=\u00a0\u00bbrepeat\u00a0\u00bb _i=\u00a0\u00bb0&Prime; _address=\u00a0\u00bb0.0&Prime;][et_pb_column type=\u00a0\u00bb4_4&Prime; _builder_version=\u00a0\u00bb3.0.83&Prime; parallax=\u00a0\u00bboff\u00a0\u00bb parallax_method=\u00a0\u00bbon\u00a0\u00bb][et_pb_text _builder_version=\u00a0\u00bb3.0.83&Prime;]<\/p>\n<p><strong>Immatriculation Atout France :<\/strong> IM029160004<br \/><strong>TVA Intra-communautaire :<\/strong> FR 57 82 168 27 47<br \/>Garantie financi\u00e8re APST \u2013 15 Avenue Carnot 75017 Paris \u2013 <a href=\"http:\/\/www.apst.travel.fr\">www.apst.travel.fr<\/a><br \/>Assurance RC PRO \u2013 Hiscox<br \/>Adh\u00e9rent entreprises du voyage \u2013\u00a0<a href=\"http:\/\/www.entreprisesduvoyage.org\">http:\/\/www.entreprisesduvoyage.org<\/a><br \/>Adh\u00e9rent r\u00e9seau CEDIV \u2013\u00a0http:\/\/www.cediv.travel<\/p>\n<p><strong>Responsable publication :<\/strong> Thomas Moalic<br \/><strong>Adresse si\u00e8ge social :<\/strong> Saint They \u2013 29100 Poullan sur Mer<br \/><strong>T\u00e9l\u00e9phone :<\/strong> +33 (7) 71 83 54 69<br \/><strong>Mail :<\/strong> contact@voyagezvosreves.fr<\/p>\n<p><strong>D\u00e9claration CNIL :<\/strong>\u00a01998519<br \/>Conform\u00e9ment \u00e0 la loi n\u00b02004-575 du 21 juin 2004 pour la confiance dans l\u2019\u00e9conomie num\u00e9rique, nous vous informons que le site internet www.voyagezvosreves.fr est la propri\u00e9t\u00e9 de Voyagez vos r\u00eaves.<br \/>Le site internet www.voyagezvosreves.fr est h\u00e9berg\u00e9 sur les mat\u00e9riels informatiques de la soci\u00e9t\u00e9 1&amp;1 dont le si\u00e8ge social est : 7 place de la gare \u2013 57200 Sarreguemines \u2013 France. Service client\u00e8le joignable par t\u00e9l\u00e9phone 24h\/24, 7j\/7 au 0970 808 911 (appel non surtax\u00e9)<br \/>Le site www.voyagezvosreves.fr est r\u00e9gi par le droit fran\u00e7ais ; les visiteurs ayant acc\u00e8s au site de l\u2019\u00e9tranger, doivent s\u2019assurer du respect des lois localement applicables.<br \/>Les mentions l\u00e9gales pouvant \u00eatre modifi\u00e9es \u00e0 tout moment et sans pr\u00e9avis, nous vous engageons \u00e0 les consulter r\u00e9guli\u00e8rement.\u00a0<\/p>\n<p><strong>Propri\u00e9t\u00e9 intellectuelle<\/strong><br \/>Voyagez vos r\u00eaves d\u00e9tient, se r\u00e9serve et conserve tous les droits de propri\u00e9t\u00e9, notamment intellectuelle, y compris les droits de reproduction sur le pr\u00e9sent site et les \u00e9l\u00e9ments qu\u2019il contient. En cons\u00e9quence et notamment toute reproduction partielle ou totale du pr\u00e9sent site et des \u00e9l\u00e9ments qu\u2019il contient est strictement interdite sans autorisation \u00e9crite de Voyagez vos r\u00eaves.<br \/>Les logos et tous autres signes distinctifs contenus sur ce site sont la propri\u00e9t\u00e9 de Voyagez vos r\u00eaves ou font l\u2019objet d\u2019une autorisation d\u2019utilisation. Aucun droit ou licence ne saurait \u00eatre attribu\u00e9 sur l\u2019un quelconque de ces \u00e9l\u00e9ments sans l\u2019autorisation \u00e9crite de Voyagez vos r\u00eaves ou du tiers d\u00e9tenteur des droits.<\/p>\n<p><strong>Exclusion de garantie et de responsabilit\u00e9<\/strong><\/p>\n<p>L\u2019utilisateur du site web \u00ab\u00a0www.voyagezvosreves.fr\u00a0\u00bb reconna\u00eet avoir pris connaissance des pr\u00e9sentes conditions d\u2019utilisation du site et s\u2019engage \u00e0 les respecter.<br \/>Voyagez vos r\u00eaves ne saurait \u00eatre tenue pour responsable des dommages directs ou indirects qui pourraient r\u00e9sulter de l\u2019acc\u00e8s au site ou de l\u2019utilisation du site et\/ou de ces informations, y compris l\u2019inaccessibilit\u00e9, les pertes de donn\u00e9es, d\u00e9t\u00e9riorations, destructions ou virus qui pourraient affecter l\u2019\u00e9quipement informatique de l\u2019utilisateur et\/ou de la pr\u00e9sence de virus sur son site.<br \/>Bien que Voyagez vos r\u00eaves s\u2019efforce de fournir un contenu fiable sur son site, il ne garantit pas que son contenu soit exempt d\u2019inexactitudes ou d\u2019omissions et ne saurait \u00eatre tenu pour responsable des erreurs ou omissions, d\u2019une absence de disponibilit\u00e9 des informations et des services. Voyagez vos r\u00eaves se r\u00e9serve \u00e0 tout moment et sans pr\u00e9avis le droit d\u2019apporter des am\u00e9liorations et\/ou des modifications au contenu de son site. En cons\u00e9quence, l\u2019utilisateur reconna\u00eet se servir de ses informations sous sa responsabilit\u00e9 exclusive.\u00a0<\/p>\n<p><strong>Liens vers d\u2019autres sites<br \/><\/strong>Le site peut inclure des liens vers d\u2019autres sites ou d\u2019autres sources Internet. Dans la mesure o\u00f9 Voyagez vos r\u00eaves ne peut contr\u00f4ler ces sites et ces sources externes, Voyagez vos r\u00eaves ne peut \u00eatre tenu pour responsable de la mise \u00e0 disposition de ces sites et sources externes, et d\u00e9cline ainsi toute responsabilit\u00e9 quant aux contenus, publicit\u00e9s, produits, services ou tout autre mat\u00e9riel disponible sur ou \u00e0 partir de ces sites ou sources externes. Ces liens sont propos\u00e9s aux utilisateurs du site www.voyagezvosreves.fr en tant que service. La d\u00e9cision d\u2019activer les liens vous appartient exclusivement. Nous vous rappelons que les sites non-affili\u00e9s sont soumis \u00e0 leurs propres conditions d\u2019utilisation.<\/p>\n<p>[\/et_pb_text][\/et_pb_column][\/et_pb_row][\/et_pb_section]<\/p>\n","protected":false},"excerpt":{"rendered":"<p>Immatriculation Atout France : IM029160004TVA Intra-communautaire : FR 57 82 168 27 47Garantie financi\u00e8re APST \u2013 15 Avenue Carnot 75017 Paris \u2013 www.apst.travel.frAssurance RC PRO \u2013 HiscoxAdh\u00e9rent entreprises du voyage \u2013\u00a0http:\/\/www.entreprisesduvoyage.orgAdh\u00e9rent r\u00e9seau CEDIV \u2013\u00a0http:\/\/www.cediv.travel Responsable publication : Thomas MoalicAdresse si\u00e8ge social : Saint They \u2013 29100 Poullan sur MerT\u00e9l\u00e9phone : +33 (7) 71 83 54 [&hellip;]<\/p>\n","protected":false},"author":1,"featured_media":0,"parent":0,"menu_order":0,"comment_status":"closed","ping_status":"closed","template":"","meta":{"_et_pb_use_builder":"on","_et_pb_old_content":"","_et_gb_content_width":""},"_links":{"self":[{"href":"https:\/\/voyagezvosreves.fr\/index.php?rest_route=\/wp\/v2\/pages\/508"}],"collection":[{"href":"https:\/\/voyagezvosreves.fr\/index.php?rest_route=\/wp\/v2\/pages"}],"about":[{"href":"https:\/\/voyagezvosreves.fr\/index.php?rest_route=\/wp\/v2\/types\/page"}],"author":[{"embeddable":true,"href":"https:\/\/voyagezvosreves.fr\/index.php?rest_route=\/wp\/v2\/users\/1"}],"replies":[{"embeddable":true,"href":"https:\/\/voyagezvosreves.fr\/index.php?rest_route=%2Fwp%2Fv2%2Fcomments&post=508"}],"version-history":[{"count":2,"href":"https:\/\/voyagezvosreves.fr\/index.php?rest_route=\/wp\/v2\/pages\/508\/revisions"}],"predecessor-version":[{"id":510,"href":"https:\/\/voyagezvosreves.fr\/index.php?rest_route=\/wp\/v2\/pages\/508\/revisions\/510"}],"wp:attachment":[{"href":"https:\/\/voyagezvosreves.fr\/index.php?rest_route=%2Fwp%2Fv2%2Fmedia&parent=508"}],"curies":[{"name":"wp","href":"https:\/\/api.w.org\/{rel}","templated":true}]}}