{"id":446,"date":"2017-10-22T18:29:48","date_gmt":"2017-10-22T18:29:48","guid":{"rendered":"https:\/\/voyagezvosreves.fr\/?page_id=446"},"modified":"2017-12-06T13:37:07","modified_gmt":"2017-12-06T13:37:07","slug":"lagence","status":"publish","type":"page","link":"https:\/\/voyagezvosreves.fr\/?page_id=446","title":{"rendered":"L&rsquo;agence"},"content":{"rendered":"<p>[et_pb_section bb_built=\u00a0\u00bb1&Prime; _builder_version=\u00a0\u00bb3.0.47&Prime;][et_pb_row admin_label=\u00a0\u00bbrow\u00a0\u00bb make_fullwidth=\u00a0\u00bbon\u00a0\u00bb custom_padding=\u00a0\u00bb0px|0px|27px|0px\u00a0\u00bb column_padding_mobile=\u00a0\u00bbon\u00a0\u00bb _builder_version=\u00a0\u00bb3.0.47&Prime; background_size=\u00a0\u00bbinitial\u00a0\u00bb background_position=\u00a0\u00bbtop_left\u00a0\u00bb background_repeat=\u00a0\u00bbrepeat\u00a0\u00bb _i=\u00a0\u00bb0&Prime; _address=\u00a0\u00bb0.0&Prime;][et_pb_column type=\u00a0\u00bb4_4&Prime;][et_pb_text _builder_version=\u00a0\u00bb3.0.83&Prime; text_font=\u00a0\u00bbMontserrat|on||on|\u00a0\u00bb text_font_size=\u00a0\u00bb40px\u00a0\u00bb text_text_color=\u00a0\u00bbrgba(0,0,0,0.35)\u00a0\u00bb text_line_height=\u00a0\u00bb1em\u00a0\u00bb header_font=\u00a0\u00bb|||on|\u00a0\u00bb header_font_size=\u00a0\u00bb40px\u00a0\u00bb background_size=\u00a0\u00bbinitial\u00a0\u00bb background_position=\u00a0\u00bbtop_left\u00a0\u00bb background_repeat=\u00a0\u00bbrepeat\u00a0\u00bb]<\/p>\n<p class=\"p1\" style=\"text-align: center;\">L\u2019agence de voyage qui se plie \u00e0 toutes vos envies<\/p>\n<p>[\/et_pb_text][\/et_pb_column][\/et_pb_row][et_pb_row make_fullwidth=\u00a0\u00bbon\u00a0\u00bb use_custom_gutter=\u00a0\u00bbon\u00a0\u00bb gutter_width=\u00a0\u00bb1&Prime; custom_padding=\u00a0\u00bb0px|0px|0px|0px\u00a0\u00bb _builder_version=\u00a0\u00bb3.0.83&Prime;][et_pb_column type=\u00a0\u00bb1_2&Prime;][et_pb_text _builder_version=\u00a0\u00bb3.0.83&Prime; text_font=\u00a0\u00bbMontserrat|900|||||||\u00a0\u00bb text_font_size=\u00a0\u00bb30px\u00a0\u00bb text_font_size_last_edited=\u00a0\u00bbon|desktop\u00a0\u00bb text_text_color=\u00a0\u00bb#f4d44d\u00a0\u00bb text_orientation=\u00a0\u00bbcenter\u00a0\u00bb module_alignment=\u00a0\u00bbcenter\u00a0\u00bb custom_margin=\u00a0\u00bb50px||20px|\u00a0\u00bb custom_margin_last_edited=\u00a0\u00bbon|desktop\u00a0\u00bb]<\/p>\n<p class=\"p1\">UN CONCEPT UNIQUE<\/p>\n<p>[\/et_pb_text][et_pb_text _builder_version=\u00a0\u00bb3.0.83&Prime; text_font=\u00a0\u00bb||||||||\u00a0\u00bb header_font=\u00a0\u00bb||||||||\u00a0\u00bb max_width=\u00a0\u00bb70%\u00a0\u00bb module_alignment=\u00a0\u00bbcenter\u00a0\u00bb]<\/p>\n<p class=\"p1\">Pas de catalogue ni de s\u00e9jour pr\u00e9format\u00e9 chez <strong>Voyagez Vos R\u00eaves. <\/strong>Tous nos voyages sont garantis 100% sur-mesure, amoureusement concoct\u00e9s \u00e0 partir de vos envies et de vos passions.<\/p>\n<p>[\/et_pb_text][et_pb_image src=\u00a0\u00bbhttps:\/\/voyagezvosreves.fr\/wp-content\/uploads\/2017\/10\/Logo-VVR-icone-ef.jpg\u00a0\u00bb _builder_version=\u00a0\u00bb3.0.83&Prime; max_width=\u00a0\u00bb9%\u00a0\u00bb module_alignment=\u00a0\u00bbcenter\u00a0\u00bb disabled_on=\u00a0\u00bbon|off|off\u00a0\u00bb \/][\/et_pb_column][et_pb_column type=\u00a0\u00bb1_2&Prime;][et_pb_gallery gallery_ids=\u00a0\u00bb93,94,99,98,103,104,82,88,87,95&Prime; gallery_orderby=\u00a0\u00bbrand\u00a0\u00bb gallery_captions=\u00a0\u00bb,,,,,,,,,\u00a0\u00bb fullwidth=\u00a0\u00bbon\u00a0\u00bb disabled_on=\u00a0\u00bbon|off|off\u00a0\u00bb _builder_version=\u00a0\u00bb3.0.83&Prime; title_font=\u00a0\u00bb||||||||\u00a0\u00bb box_shadow_style=\u00a0\u00bbpreset3&Prime; \/][\/et_pb_column][\/et_pb_row][et_pb_row make_fullwidth=\u00a0\u00bbon\u00a0\u00bb use_custom_gutter=\u00a0\u00bbon\u00a0\u00bb gutter_width=\u00a0\u00bb1&Prime; custom_padding=\u00a0\u00bb0px|0px|0px|0px\u00a0\u00bb custom_margin=\u00a0\u00bb||30px|\u00a0\u00bb _builder_version=\u00a0\u00bb3.0.83&Prime; custom_margin_last_edited=\u00a0\u00bbon|desktop\u00a0\u00bb][et_pb_column type=\u00a0\u00bb1_2&Prime;][et_pb_image src=\u00a0\u00bbhttps:\/\/voyagezvosreves.fr\/wp-content\/uploads\/2017\/10\/Thomas.jpg\u00a0\u00bb _builder_version=\u00a0\u00bb3.0.83&Prime; box_shadow_style=\u00a0\u00bbpreset3&Prime; \/][\/et_pb_column][et_pb_column type=\u00a0\u00bb1_2&Prime;][et_pb_text _builder_version=\u00a0\u00bb3.0.83&Prime; text_font=\u00a0\u00bbMontserrat|900|||||||\u00a0\u00bb text_font_size=\u00a0\u00bb30px\u00a0\u00bb text_font_size_last_edited=\u00a0\u00bbon|desktop\u00a0\u00bb text_text_color=\u00a0\u00bb#804b98&Prime; text_line_height=\u00a0\u00bb1em\u00a0\u00bb text_line_height_last_edited=\u00a0\u00bbon|desktop\u00a0\u00bb text_orientation=\u00a0\u00bbcenter\u00a0\u00bb module_alignment=\u00a0\u00bbcenter\u00a0\u00bb custom_margin=\u00a0\u00bb50px||20px|\u00a0\u00bb custom_margin_last_edited=\u00a0\u00bbon|desktop\u00a0\u00bb]<\/p>\n<p class=\"p1\">THOMAS MOALIC<br \/>\nCONCEPTEUR DE R\u00caVES<\/p>\n<p>[\/et_pb_text][et_pb_text _builder_version=\u00a0\u00bb3.0.83&Prime; text_font=\u00a0\u00bb||||||||\u00a0\u00bb header_font=\u00a0\u00bb||||||||\u00a0\u00bb max_width=\u00a0\u00bb70%\u00a0\u00bb module_alignment=\u00a0\u00bbcenter\u00a0\u00bb]<\/p>\n<p class=\"p1\" style=\"text-align: justify;\">Globe-trotter infatigable, Thomas a choisi de vous faire partager sa passion pour les sites en dehors des sentiers battus, les rencontres d\u2019exception et les h\u00f4tels hors-normes.\u00a0<span style=\"font-size: 14px;\">Depuis pr\u00e8s de 15 ans, il met toute son \u00e9nergie au service de vos r\u00eaves et est certifi\u00e9 expert pour de nombreuses destinations (notamment Bahamas et Canada).<\/span><\/p>\n<p>[\/et_pb_text][et_pb_image src=\u00a0\u00bbhttps:\/\/voyagezvosreves.fr\/wp-content\/uploads\/2017\/10\/Logo-VVR-icone-ef.jpg\u00a0\u00bb show_bottom_space=\u00a0\u00bboff\u00a0\u00bb _builder_version=\u00a0\u00bb3.0.83&Prime; max_width=\u00a0\u00bb9%\u00a0\u00bb module_alignment=\u00a0\u00bbcenter\u00a0\u00bb custom_margin=\u00a0\u00bb20px|||\u00a0\u00bb custom_margin_last_edited=\u00a0\u00bbon|desktop\u00a0\u00bb disabled_on=\u00a0\u00bbon|off|off\u00a0\u00bb \/][\/et_pb_column][\/et_pb_row][et_pb_row admin_label=\u00a0\u00bbrow\u00a0\u00bb custom_padding=\u00a0\u00bb17px|0px|0px|0px\u00a0\u00bb padding_mobile=\u00a0\u00bboff\u00a0\u00bb column_padding_mobile=\u00a0\u00bbon\u00a0\u00bb _builder_version=\u00a0\u00bb3.0.47&Prime; background_size=\u00a0\u00bbinitial\u00a0\u00bb background_position=\u00a0\u00bbtop_left\u00a0\u00bb background_repeat=\u00a0\u00bbrepeat\u00a0\u00bb _i=\u00a0\u00bb2&Prime; _address=\u00a0\u00bb1.2&Prime; global_module=\u00a0\u00bb453&Prime;][et_pb_column type=\u00a0\u00bb1_4&Prime;][et_pb_image global_parent=\u00a0\u00bb453&Prime; src=\u00a0\u00bbhttps:\/\/voyagezvosreves.fr\/wp-content\/uploads\/2017\/10\/Personnalisation.png\u00a0\u00bb align=\u00a0\u00bbcenter\u00a0\u00bb _builder_version=\u00a0\u00bb3.0.47&Prime; custom_margin=\u00a0\u00bb-10px|||\u00a0\u00bb animation=\u00a0\u00bboff\u00a0\u00bb sticky=\u00a0\u00bboff\u00a0\u00bb _i=\u00a0\u00bb0&Prime; _address=\u00a0\u00bb1.2.0.0&Prime; \/][et_pb_text global_parent=\u00a0\u00bb453&Prime; _builder_version=\u00a0\u00bb3.0.83&Prime; text_font=\u00a0\u00bb||||||||\u00a0\u00bb text_line_height=\u00a0\u00bb1em\u00a0\u00bb header_font=\u00a0\u00bb|||on|\u00a0\u00bb background_size=\u00a0\u00bbinitial\u00a0\u00bb background_position=\u00a0\u00bbtop_left\u00a0\u00bb background_repeat=\u00a0\u00bbrepeat\u00a0\u00bb custom_margin=\u00a0\u00bb10||20px|\u00a0\u00bb custom_margin_last_edited=\u00a0\u00bbon|desktop\u00a0\u00bb]<\/p>\n<p class=\"p1\" style=\"text-align: center;\"><b>Hyper personnalisation<\/b><\/p>\n<p>[\/et_pb_text][et_pb_text global_parent=\u00a0\u00bb453&Prime; _builder_version=\u00a0\u00bb3.0.47&Prime; text_font_size=\u00a0\u00bb10&Prime; text_line_height=\u00a0\u00bb1.3em\u00a0\u00bb background_size=\u00a0\u00bbinitial\u00a0\u00bb background_position=\u00a0\u00bbtop_left\u00a0\u00bb background_repeat=\u00a0\u00bbrepeat\u00a0\u00bb text_orientation=\u00a0\u00bbcenter\u00a0\u00bb max_width=\u00a0\u00bb150px\u00a0\u00bb module_alignment=\u00a0\u00bbcenter\u00a0\u00bb custom_margin=\u00a0\u00bb-10px|||\u00a0\u00bb custom_padding=\u00a0\u00bb|||\u00a0\u00bb _i=\u00a0\u00bb2&Prime; _address=\u00a0\u00bb1.2.0.2&Prime;]<\/p>\n<p class=\"p1\" style=\"text-align: center;\">Votre voyage sera unique. En tous points conforme \u00e0 vos exigences et \u00e0 vos envies. C\u2019est le premier de nos engagements.<\/p>\n<p>[\/et_pb_text][\/et_pb_column][et_pb_column type=\u00a0\u00bb1_4&Prime;][et_pb_image global_parent=\u00a0\u00bb453&Prime; src=\u00a0\u00bbhttps:\/\/voyagezvosreves.fr\/wp-content\/uploads\/2017\/10\/Ecoute.png\u00a0\u00bb align=\u00a0\u00bbcenter\u00a0\u00bb _builder_version=\u00a0\u00bb3.0.47&Prime; custom_margin=\u00a0\u00bb-10px|||\u00a0\u00bb animation=\u00a0\u00bboff\u00a0\u00bb sticky=\u00a0\u00bboff\u00a0\u00bb _i=\u00a0\u00bb0&Prime; _address=\u00a0\u00bb1.2.1.0&Prime; \/][et_pb_text global_parent=\u00a0\u00bb453&Prime; _builder_version=\u00a0\u00bb3.0.83&Prime; text_font=\u00a0\u00bb||||||||\u00a0\u00bb text_line_height=\u00a0\u00bb1em\u00a0\u00bb header_font=\u00a0\u00bb|||on|\u00a0\u00bb background_size=\u00a0\u00bbinitial\u00a0\u00bb background_position=\u00a0\u00bbtop_left\u00a0\u00bb background_repeat=\u00a0\u00bbrepeat\u00a0\u00bb text_orientation=\u00a0\u00bbcenter\u00a0\u00bb module_alignment=\u00a0\u00bbcenter\u00a0\u00bb custom_margin=\u00a0\u00bb10px||20px|\u00a0\u00bb custom_margin_last_edited=\u00a0\u00bbon|desktop\u00a0\u00bb]<\/p>\n<p class=\"p1\" style=\"text-align: center;\"><b>\u00c9coute<\/b><\/p>\n<p>[\/et_pb_text][et_pb_text global_parent=\u00a0\u00bb453&Prime; _builder_version=\u00a0\u00bb3.0.47&Prime; text_font_size=\u00a0\u00bb10px\u00a0\u00bb text_line_height=\u00a0\u00bb1.3em\u00a0\u00bb background_size=\u00a0\u00bbinitial\u00a0\u00bb background_position=\u00a0\u00bbtop_left\u00a0\u00bb background_repeat=\u00a0\u00bbrepeat\u00a0\u00bb text_orientation=\u00a0\u00bbcenter\u00a0\u00bb max_width=\u00a0\u00bb150px\u00a0\u00bb module_alignment=\u00a0\u00bbcenter\u00a0\u00bb custom_margin=\u00a0\u00bb-10px|||\u00a0\u00bb custom_padding=\u00a0\u00bb|||\u00a0\u00bb _i=\u00a0\u00bb2&Prime; _address=\u00a0\u00bb1.2.1.2&Prime;]<\/p>\n<p class=\"p1\" style=\"text-align: center;\">Afin de parfaitement r\u00e9pondre \u00e0 vos souhaits, nous prenons tout le temps n\u00e9cessaire pour vous \u00e9couter. C\u2019est logique.<\/p>\n<p>[\/et_pb_text][\/et_pb_column][et_pb_column type=\u00a0\u00bb1_4&Prime;][et_pb_image global_parent=\u00a0\u00bb453&Prime; src=\u00a0\u00bbhttps:\/\/voyagezvosreves.fr\/wp-content\/uploads\/2017\/10\/Tous-voyages.png\u00a0\u00bb align=\u00a0\u00bbcenter\u00a0\u00bb _builder_version=\u00a0\u00bb3.0.47&Prime; custom_margin=\u00a0\u00bb-10px|||\u00a0\u00bb animation=\u00a0\u00bboff\u00a0\u00bb sticky=\u00a0\u00bboff\u00a0\u00bb _i=\u00a0\u00bb0&Prime; _address=\u00a0\u00bb1.2.2.0&Prime; \/][et_pb_text global_parent=\u00a0\u00bb453&Prime; _builder_version=\u00a0\u00bb3.0.83&Prime; text_font=\u00a0\u00bb||||||||\u00a0\u00bb text_line_height=\u00a0\u00bb1em\u00a0\u00bb header_font=\u00a0\u00bb|||on|\u00a0\u00bb background_size=\u00a0\u00bbinitial\u00a0\u00bb background_position=\u00a0\u00bbtop_left\u00a0\u00bb background_repeat=\u00a0\u00bbrepeat\u00a0\u00bb custom_margin=\u00a0\u00bb10||20px|\u00a0\u00bb custom_margin_last_edited=\u00a0\u00bbon|desktop\u00a0\u00bb]<\/p>\n<p class=\"p1\" style=\"text-align: center;\"><b>Destinations<\/b><\/p>\n<p>[\/et_pb_text][et_pb_text global_parent=\u00a0\u00bb453&Prime; _builder_version=\u00a0\u00bb3.0.47&Prime; text_font_size=\u00a0\u00bb10px\u00a0\u00bb text_line_height=\u00a0\u00bb1.3em\u00a0\u00bb background_size=\u00a0\u00bbinitial\u00a0\u00bb background_position=\u00a0\u00bbtop_left\u00a0\u00bb background_repeat=\u00a0\u00bbrepeat\u00a0\u00bb text_orientation=\u00a0\u00bbcenter\u00a0\u00bb max_width=\u00a0\u00bb150px\u00a0\u00bb module_alignment=\u00a0\u00bbcenter\u00a0\u00bb custom_margin=\u00a0\u00bb-10px|||\u00a0\u00bb custom_margin_last_edited=\u00a0\u00bbon|desktop\u00a0\u00bb custom_padding=\u00a0\u00bb|||\u00a0\u00bb _i=\u00a0\u00bb2&Prime; _address=\u00a0\u00bb1.2.2.2&Prime;]<\/p>\n<p class=\"p1\">S\u00e9jours, circuits, escapades le temps d\u2019un week-end, en amoureux, en famille ou entre amis\u2026 Tout est possible..<\/p>\n<p>[\/et_pb_text][\/et_pb_column][et_pb_column type=\u00a0\u00bb1_4&Prime;][et_pb_image global_parent=\u00a0\u00bb453&Prime; src=\u00a0\u00bbhttps:\/\/voyagezvosreves.fr\/wp-content\/uploads\/2017\/10\/Se\u0301curite\u0301-1.png\u00a0\u00bb align=\u00a0\u00bbcenter\u00a0\u00bb _builder_version=\u00a0\u00bb3.0.83&Prime; custom_margin=\u00a0\u00bb-10px|||\u00a0\u00bb animation=\u00a0\u00bboff\u00a0\u00bb \/][et_pb_text global_parent=\u00a0\u00bb453&Prime; _builder_version=\u00a0\u00bb3.0.83&Prime; text_font=\u00a0\u00bb||||||||\u00a0\u00bb text_line_height=\u00a0\u00bb1em\u00a0\u00bb header_font=\u00a0\u00bb|||on|\u00a0\u00bb background_size=\u00a0\u00bbinitial\u00a0\u00bb background_position=\u00a0\u00bbtop_left\u00a0\u00bb background_repeat=\u00a0\u00bbrepeat\u00a0\u00bb custom_margin=\u00a0\u00bb10||20|\u00a0\u00bb custom_margin_last_edited=\u00a0\u00bbon|desktop\u00a0\u00bb]<\/p>\n<p class=\"p1\" style=\"text-align: center;\"><b>S\u00e9curit\u00e9<\/b><\/p>\n<p>[\/et_pb_text][et_pb_text global_parent=\u00a0\u00bb453&Prime; _builder_version=\u00a0\u00bb3.0.47&Prime; text_font_size=\u00a0\u00bb10px\u00a0\u00bb text_line_height=\u00a0\u00bb1.3em\u00a0\u00bb background_size=\u00a0\u00bbinitial\u00a0\u00bb background_position=\u00a0\u00bbtop_left\u00a0\u00bb background_repeat=\u00a0\u00bbrepeat\u00a0\u00bb text_orientation=\u00a0\u00bbcenter\u00a0\u00bb max_width=\u00a0\u00bb150px\u00a0\u00bb module_alignment=\u00a0\u00bbcenter\u00a0\u00bb custom_margin=\u00a0\u00bb-10px|||\u00a0\u00bb custom_padding=\u00a0\u00bb|||\u00a0\u00bb _i=\u00a0\u00bb2&Prime; _address=\u00a0\u00bb1.2.3.2&Prime;]<\/p>\n<p class=\"p1\" style=\"text-align: center;\">Parce que, depuis plus de 14 ans, nous prenons vos vacances tr\u00e8s au s\u00e9rieux, nous vous offrons les meilleures garanties (garantie APST, immatriculation Atout France\u2026)<\/p>\n<p>[\/et_pb_text][\/et_pb_column][\/et_pb_row][\/et_pb_section][et_pb_section bb_built=\u00a0\u00bb1&Prime; background_color=\u00a0\u00bb#bcd25c\u00a0\u00bb module_id=\u00a0\u00bbcontact\u00a0\u00bb _builder_version=\u00a0\u00bb3.0.83&Prime; saved_tabs=\u00a0\u00bball\u00a0\u00bb global_module=\u00a0\u00bb451&Prime;][et_pb_row global_parent=\u00a0\u00bb451&Prime; _builder_version=\u00a0\u00bb3.0.83&Prime;][et_pb_column type=\u00a0\u00bb4_4&Prime;][et_pb_text global_parent=\u00a0\u00bb451&Prime; _builder_version=\u00a0\u00bb3.0.83&Prime; text_font=\u00a0\u00bbMontserrat|on||on|\u00a0\u00bb text_font_size=\u00a0\u00bb40px\u00a0\u00bb text_text_color=\u00a0\u00bb#ffffff\u00a0\u00bb text_line_height=\u00a0\u00bb1em\u00a0\u00bb header_font=\u00a0\u00bb|||on|\u00a0\u00bb header_font_size=\u00a0\u00bb40px\u00a0\u00bb background_size=\u00a0\u00bbinitial\u00a0\u00bb background_position=\u00a0\u00bbtop_left\u00a0\u00bb background_repeat=\u00a0\u00bbrepeat\u00a0\u00bb]<\/p>\n<p style=\"text-align: center;\">CONTACTEZ-NOUS<\/p>\n<p>[\/et_pb_text][et_pb_contact_form global_parent=\u00a0\u00bb451&Prime; captcha=\u00a0\u00bboff\u00a0\u00bb email=\u00a0\u00bbcontact@voyagezvosreves.fr\u00a0\u00bb submit_button_text=\u00a0\u00bbENVOYER\u00a0\u00bb module_id=\u00a0\u00bbet_pb_contact_form_0&Prime; _builder_version=\u00a0\u00bb3.0.83&Prime; custom_button=\u00a0\u00bbon\u00a0\u00bb button_text_size=\u00a0\u00bb30px\u00a0\u00bb button_text_color=\u00a0\u00bb#bcd25c\u00a0\u00bb button_bg_color=\u00a0\u00bb#ffffff\u00a0\u00bb button_font=\u00a0\u00bb||||||||\u00a0\u00bb button_use_icon=\u00a0\u00bboff\u00a0\u00bb button_text_color_hover=\u00a0\u00bb#ffffff\u00a0\u00bb button_bg_color_hover=\u00a0\u00bbrgba(0,0,0,0.15)\u00a0\u00bb] [et_pb_contact_field field_id=\u00a0\u00bbNom\u00a0\u00bb field_title=\u00a0\u00bbNom\u00a0\u00bb _builder_version=\u00a0\u00bb3.0.83&Prime;][\/et_pb_contact_field][et_pb_contact_field field_id=\u00a0\u00bbEmail\u00a0\u00bb field_title=\u00a0\u00bbAdresse e-mail\u00a0\u00bb field_type=\u00a0\u00bbemail\u00a0\u00bb _builder_version=\u00a0\u00bb3.0.83&Prime;][\/et_pb_contact_field][et_pb_contact_field field_id=\u00a0\u00bbMessage\u00a0\u00bb field_title=\u00a0\u00bbParlez-nous en quelques mots de votre projet, nous serons ravis de vous aidez \u00e0 le r\u00e9aliser&#8230;\u00a0\u00bb field_type=\u00a0\u00bbtext\u00a0\u00bb fullwidth_field=\u00a0\u00bbon\u00a0\u00bb _builder_version=\u00a0\u00bb3.0.83&Prime;][\/et_pb_contact_field] [\/et_pb_contact_form][\/et_pb_column][\/et_pb_row][\/et_pb_section]<\/p>\n","protected":false},"excerpt":{"rendered":"<p>L\u2019agence de voyage qui se plie \u00e0 toutes vos envies UN CONCEPT UNIQUE Pas de catalogue ni de s\u00e9jour pr\u00e9format\u00e9 chez Voyagez Vos R\u00eaves. Tous nos voyages sont garantis 100% sur-mesure, amoureusement concoct\u00e9s \u00e0 partir de vos envies et de vos passions. THOMAS MOALIC CONCEPTEUR DE R\u00caVES Globe-trotter infatigable, Thomas a choisi de vous faire [&hellip;]<\/p>\n","protected":false},"author":1,"featured_media":0,"parent":0,"menu_order":0,"comment_status":"closed","ping_status":"closed","template":"","meta":{"_et_pb_use_builder":"on","_et_pb_old_content":"","_et_gb_content_width":""},"_links":{"self":[{"href":"https:\/\/voyagezvosreves.fr\/index.php?rest_route=\/wp\/v2\/pages\/446"}],"collection":[{"href":"https:\/\/voyagezvosreves.fr\/index.php?rest_route=\/wp\/v2\/pages"}],"about":[{"href":"https:\/\/voyagezvosreves.fr\/index.php?rest_route=\/wp\/v2\/types\/page"}],"author":[{"embeddable":true,"href":"https:\/\/voyagezvosreves.fr\/index.php?rest_route=\/wp\/v2\/users\/1"}],"replies":[{"embeddable":true,"href":"https:\/\/voyagezvosreves.fr\/index.php?rest_route=%2Fwp%2Fv2%2Fcomments&post=446"}],"version-history":[{"count":14,"href":"https:\/\/voyagezvosreves.fr\/index.php?rest_route=\/wp\/v2\/pages\/446\/revisions"}],"predecessor-version":[{"id":663,"href":"https:\/\/voyagezvosreves.fr\/index.php?rest_route=\/wp\/v2\/pages\/446\/revisions\/663"}],"wp:attachment":[{"href":"https:\/\/voyagezvosreves.fr\/index.php?rest_route=%2Fwp%2Fv2%2Fmedia&parent=446"}],"curies":[{"name":"wp","href":"https:\/\/api.w.org\/{rel}","templated":true}]}}